{"id":35117,"date":"2023-02-05T16:51:47","date_gmt":"2023-02-05T16:51:47","guid":{"rendered":"https:\/\/citedoree.com\/services\/"},"modified":"2023-02-11T17:12:41","modified_gmt":"2023-02-11T17:12:41","slug":"services","status":"publish","type":"page","link":"https:\/\/citedoree.com\/fr\/services\/","title":{"rendered":"Services"},"content":{"rendered":"<p>[vc_row full_width=\u00a0\u00bbstretch_row_content\u00a0\u00bb content_placement=\u00a0\u00bbmiddle\u00a0\u00bb parallax=\u00a0\u00bbcontent-moving-fade\u00a0\u00bb parallax_image=\u00a0\u00bb1478&Prime; css=\u00a0\u00bb.vc_custom_1589993627524{margin-top: -40px !important;padding-top: 150px !important;padding-bottom: 150px !important;background-image: url(http:\/\/citedoree.com\/wp-content\/uploads\/2020\/05\/VITO2345-4-1.jpg?id=1478) !important;}\u00a0\u00bb][vc_column width=\u00a0\u00bb1\/6&Prime;][\/vc_column][vc_column width=\u00a0\u00bb2\/3&Prime;][vc_custom_heading text=\u00a0\u00bbSERVICES\u00a0\u00bb font_container=\u00a0\u00bbtag:h1|font_size:40|text_align:center|color:%23ffffff\u00a0\u00bb use_theme_fonts=\u00a0\u00bbyes\u00a0\u00bb][vc_column_text css_animation=\u00a0\u00bbnone\u00a0\u00bb basel_color_scheme=\u00a0\u00bblight\u00a0\u00bb]<\/p>\n<p style=\"text-align: center;\">Chez Cit\u00e9e Dor\u00e9e, fournir un service apr\u00e8s-vente remarquable est notre priorit\u00e9.<\/p>\n<p style=\"text-align: center;\">Si certaines pi\u00e8ces ont simplement besoin d&rsquo;\u00eatre remises \u00e0 neuf, nettoy\u00e9es et polies, d&rsquo;autres peuvent avoir besoin d&rsquo;un relooking complet. Pat et son \u00e9quipe travailleront en \u00e9troite collaboration avec vous pour faire en sorte que votre pi\u00e8ce soit restaur\u00e9e dans sa beaut\u00e9 d&rsquo;origine ou redessin\u00e9e pour la rendre unique.<\/p>\n<p>[\/vc_column_text][\/vc_column][vc_column width=\u00a0\u00bb1\/6&Prime;][\/vc_column][\/vc_row][vc_row css_animation=\u00a0\u00bbfadeIn\u00a0\u00bb css=\u00a0\u00bb.vc_custom_1589903634437{padding-top: 80px !important;padding-bottom: 80px !important;}\u00a0\u00bb][vc_column width=\u00a0\u00bb1\/3&Prime;]\t\t\t<div class=\" basel-info-box text-center icon-alignment-top box-style-base color-scheme-dark  with-animation \" onclick=\"\">\n\t\t\t\t\t\t\t\t\t<div class=\"box-icon-wrapper\">\n\t\t\t\t\t\t<div class=\"info-box-icon\">\n\t\t\t\t\t\t\t\t\t\t\t\t\t\t\t\t\t\t\t\t\t\t\t\t\t\t\t\t\t\t\t\t\t\t\t\t\t\t<script type=\"text\/javascript\">\n\t\t\t\t\t\t\t\t\t\t\t\t\tjQuery(document).ready(function($) {\n                                                        if ( $(\"#svg-5162\").length > 0 ) {\n\t\t\t\t\t\t\t\t\t\t\t\t\t\tnew Vivus('svg-5162', {\n\t\t\t\t\t\t\t\t\t\t\t\t\t\t    type: 'delayed',\n\t\t\t\t\t\t\t\t\t\t\t\t\t\t    duration: 200,\n\t\t\t\t\t\t\t\t\t\t\t\t\t\t    start: 'inViewport',\n\t\t\t\t\t\t\t\t\t\t\t\t\t\t    animTimingFunction: Vivus.EASE_OUT\n\t\t\t\t\t\t\t\t\t\t\t\t\t\t});\n\t\t\t\t\t\t\t\t\t\t\t\t\t}\n                                                    });\n\t\t\t\t\t\t\t\t\t\t\t\t<\/script>\n\t\t\t\t\t\t\t\t\t\t\t\t<div class=\"info-svg-wrapper\" style=\"width: 60px;height: 60px;\"><svg xmlns=\"http:\/\/www.w3.org\/2000\/svg\" xmlns:xlink=\"http:\/\/www.w3.org\/1999\/xlink\" version=\"1.1\" id=\"svg-5162\" x=\"0px\" y=\"0px\" viewBox=\"0 0 512 512\" style=\"enable-background:new 0 0 512 512;\" xml:space=\"preserve\"> <g> <g> <path d=\"M302.25,45.05c-0.13-0.64-0.32-1.27-0.57-1.87c-0.25-0.61-0.56-1.19-0.92-1.73c-0.37-0.55-0.78-1.06-1.25-1.52 c-0.46-0.46-0.97-0.88-1.52-1.24c-0.54-0.36-1.12-0.67-1.721-0.92c-0.599-0.25-1.229-0.45-1.87-0.57 c-1.29-0.26-2.619-0.26-3.909,0c-0.641,0.12-1.27,0.32-1.87,0.57c-0.6,0.25-1.18,0.56-1.73,0.92c-0.541,0.36-1.06,0.78-1.52,1.24 c-0.46,0.46-0.88,0.97-1.24,1.52c-0.36,0.54-0.67,1.12-0.92,1.73c-0.25,0.6-0.44,1.23-0.57,1.87s-0.2,1.3-0.2,1.95 s0.07,1.31,0.2,1.95c0.13,0.64,0.32,1.27,0.57,1.88c0.25,0.6,0.56,1.18,0.92,1.72c0.36,0.55,0.78,1.06,1.24,1.52 c0.46,0.46,0.98,0.88,1.52,1.24c0.549,0.36,1.129,0.67,1.73,0.92c0.599,0.25,1.229,0.45,1.87,0.57c0.639,0.13,1.3,0.2,1.949,0.2 c0.661,0,1.311-0.07,1.96-0.2c0.641-0.12,1.27-0.32,1.87-0.57c0.601-0.25,1.181-0.56,1.721-0.92c0.55-0.36,1.06-0.78,1.52-1.24 c0.47-0.46,0.88-0.97,1.25-1.52c0.36-0.54,0.67-1.12,0.92-1.72c0.25-0.61,0.44-1.24,0.57-1.88c0.129-0.64,0.189-1.3,0.189-1.95 S302.38,45.69,302.25,45.05z\"><\/path> <\/g> <\/g> <g> <g> <path d=\"M196.36,463.05c-0.13-0.64-0.32-1.27-0.57-1.87c-0.25-0.61-0.56-1.19-0.92-1.73c-0.36-0.55-0.78-1.06-1.24-1.52 c-0.46-0.46-0.98-0.88-1.52-1.24c-0.55-0.36-1.13-0.67-1.73-0.92s-1.23-0.45-1.87-0.58c-1.29-0.25-2.62-0.25-3.91,0 c-0.64,0.13-1.27,0.33-1.87,0.58c-0.6,0.25-1.18,0.56-1.72,0.92c-0.55,0.36-1.06,0.78-1.52,1.24c-0.47,0.46-0.88,0.97-1.25,1.52 c-0.36,0.54-0.67,1.12-0.92,1.73c-0.25,0.6-0.44,1.23-0.57,1.87s-0.19,1.3-0.19,1.95s0.06,1.31,0.19,1.95s0.32,1.27,0.57,1.87 c0.25,0.61,0.56,1.19,0.92,1.73c0.37,0.55,0.78,1.06,1.25,1.52c0.46,0.46,0.97,0.88,1.52,1.24c0.54,0.36,1.12,0.67,1.72,0.92 c0.6,0.25,1.23,0.45,1.87,0.57c0.65,0.13,1.31,0.2,1.96,0.2c2.63,0,5.21-1.07,7.07-2.93c1.86-1.86,2.93-4.44,2.93-7.07 C196.56,464.35,196.49,463.69,196.36,463.05z\"><\/path> <\/g> <\/g> <g> <g> <path d=\"M278.376,246H249.5v-48.739c0-5.523-4.477-10-10-10s-10,4.477-10,10V256c0,5.523,4.477,10,10,10h38.876 c5.522,0,10-4.477,10-10S283.898,246,278.376,246z\"><\/path> <\/g> <\/g> <g> <g> <path d=\"M431.5,221.83h-26.472c-1.821-8.832-4.333-17.415-7.476-25.689l26.278-16.763c2.236-1.426,3.813-3.683,4.387-6.272 c0.572-2.59,0.093-5.301-1.334-7.537l-20.048-31.427c-1.427-2.236-3.683-3.814-6.272-4.386c-2.586-0.574-5.3-0.093-7.536,1.333 l-24.636,15.717c-5.768-6.798-12.063-13.135-18.821-18.948L337.952,9.027C337.452,3.905,333.146,0,328,0H151 c-5.146,0-9.452,3.905-9.953,9.027L129.43,127.859C93.371,158.876,70.5,204.817,70.5,256s22.871,97.124,58.93,128.141 l11.617,118.832c0.501,5.122,4.807,9.027,9.953,9.027h177c5.146,0,9.452-3.905,9.952-9.027l11.617-118.832 c30.538-26.268,51.617-63.24,57.356-105.035H431.5c5.522,0,10-4.477,10-10V231.83C441.5,226.307,437.022,221.83,431.5,221.83z M156.453,57h98.991c5.523,0,10-4.477,10-10s-4.478-10-10-10h-97.036l1.662-17h158.86l8.997,92.029 C302.187,96.161,271.893,87,239.5,87s-62.687,9.161-88.427,25.028L156.453,57z M322.547,455h-98.991c-5.523,0-10,4.477-10,10 s4.477,10,10,10h97.036l-1.662,17H160.07l-8.997-92.028C176.813,415.839,207.107,425,239.5,425s62.687-9.161,88.427-25.029 L322.547,455z M239.5,405c-82.159,0-149-66.841-149-149s66.841-149,149-149s149,66.841,149,149S321.659,405,239.5,405z M380.444,162.839l14.908-9.51l9.292,14.565l-15.394,9.82C386.564,172.596,383.623,167.632,380.444,162.839z M421.5,259.106 h-13.029c0.019-1.033,0.029-2.069,0.029-3.106c0-4.771-0.199-9.497-0.589-14.17H421.5V259.106z\"><\/path> <\/g> <\/g> <g> <g> <path d=\"M239.5,128.425c-70.345,0-127.575,57.23-127.575,127.575s57.23,127.575,127.575,127.575S367.075,326.345,367.075,256 S309.845,128.425,239.5,128.425z M249.5,363.114v-6.155c0-5.523-4.477-10-10-10s-10,4.477-10,10v6.155 c-51.354-4.755-92.358-45.76-97.114-97.114h6.155c5.523,0,10-4.477,10-10s-4.477-10-10-10h-6.155 c4.756-51.354,45.76-92.358,97.114-97.114v6.155c0,5.523,4.477,10,10,10s10-4.477,10-10v-6.155 c51.354,4.755,92.358,45.76,97.114,97.114h-6.155c-5.522,0-10,4.477-10,10s4.478,10,10,10h6.155 C341.858,317.354,300.854,358.358,249.5,363.114z\"><\/path> <\/g> <\/g> <g> <\/g> <g> <\/g> <g> <\/g> <g> <\/g> <g> <\/g> <g> <\/g> <g> <\/g> <g> <\/g> <g> <\/g> <g> <\/g> <g> <\/g> <g> <\/g> <g> <\/g> <g> <\/g> <g> <\/g> <\/svg> <\/div>\t\t\t\t\t\t\t\t\t\t\t\t\t\t<\/div>\n\t\t\t\t\t<\/div>\n\t\t\t\t\t\t\t\t<div class=\"info-box-content\">\n\t\t\t\t\t<div class=\"info-box-inner\">\n\t\t\t\t\t\t<\/p>\n<h2 style=\"text-align: center;\">R\u00e9paration de montres<\/h2>\n<p style=\"text-align: center;\"><span style=\"font-weight: 400;\">Cit\u00e9 Dor\u00e9e, est un d\u00e9taillant et repr\u00e9sentant autoris\u00e9 de nombreuses marques de montres suisses. Notre service apr\u00e8s-vente et notre horloger professionnel certifi\u00e9 se feront un plaisir de r\u00e9pondre \u00e0 vos besoins en mati\u00e8re de garde-temps, qu&rsquo;il s&rsquo;agisse de changer une pile ou un bracelet, de polir votre montre haut de gamme ou d&rsquo;effectuer une r\u00e9vision de votre garde-temps avec estimation gratuite.<\/span><\/p>\n<p>\n\t\t\t\t\t<\/div>\n\t\t\t\t<\/div>\n\t\t\t<\/div>\n\t\t[\/vc_column][vc_column width=\u00a0\u00bb1\/3&Prime;]\t\t\t<div class=\" basel-info-box text-center icon-alignment-top box-style-base color-scheme-dark  with-animation \" onclick=\"\">\n\t\t\t\t\t\t\t\t\t<div class=\"box-icon-wrapper\">\n\t\t\t\t\t\t<div class=\"info-box-icon\">\n\t\t\t\t\t\t\t\t\t\t\t\t\t\t\t\t\t\t\t\t\t\t\t\t\t\t\t\t\t\t\t\t\t\t\t\t\t\t<script type=\"text\/javascript\">\n\t\t\t\t\t\t\t\t\t\t\t\t\tjQuery(document).ready(function($) {\n                                                        if ( $(\"#svg-9400\").length > 0 ) {\n\t\t\t\t\t\t\t\t\t\t\t\t\t\tnew Vivus('svg-9400', {\n\t\t\t\t\t\t\t\t\t\t\t\t\t\t    type: 'delayed',\n\t\t\t\t\t\t\t\t\t\t\t\t\t\t    duration: 200,\n\t\t\t\t\t\t\t\t\t\t\t\t\t\t    start: 'inViewport',\n\t\t\t\t\t\t\t\t\t\t\t\t\t\t    animTimingFunction: Vivus.EASE_OUT\n\t\t\t\t\t\t\t\t\t\t\t\t\t\t});\n\t\t\t\t\t\t\t\t\t\t\t\t\t}\n                                                    });\n\t\t\t\t\t\t\t\t\t\t\t\t<\/script>\n\t\t\t\t\t\t\t\t\t\t\t\t<div class=\"info-svg-wrapper\" style=\"width: 60px;height: 60px;\"><svg xmlns=\"http:\/\/www.w3.org\/2000\/svg\" id=\"svg-9400\" height=\"512\" viewBox=\"0 0 512 512\" width=\"512\"><g id=\"XMLID_888_\"><g id=\"XMLID_126_\"><path id=\"XMLID_150_\" d=\"m440.229 0c-5.522 0-10 4.477-10 10 0 96.07-78.158 174.229-174.229 174.229s-174.229-78.159-174.229-174.229c0-5.523-4.478-10-10-10s-10 4.477-10 10c0 51.92 20.192 100.707 56.857 137.372 20.912 20.911 45.77 36.454 72.899 45.959-5.875 5.765-9.528 13.787-9.528 22.648v39.194l-30.446 30.446c-1.875 1.875-2.929 4.419-2.929 7.071v31.81c0 5.523 4.478 10 10 10s10-4.477 10-10v-16.843l28 11.598v95.707l-28 16.673v-17.135c0-5.523-4.478-10-10-10s-10 4.477-10 10v34.728c0 3.669 2.01 7.043 5.235 8.792l97.375 52.771c1.488.806 3.126 1.209 4.766 1.209s3.278-.403 4.765-1.208l97.375-52.771c3.226-1.749 5.235-5.123 5.235-8.792v-156.539c0-2.652-1.054-5.196-2.929-7.071l-30.446-30.446v-39.194c0-8.862-3.653-16.883-9.528-22.648 27.13-9.505 51.988-25.047 72.899-45.959 36.665-36.665 56.858-85.452 56.858-137.372 0-5.523-4.478-10-10-10zm-125.458 268.229 20.951 20.95-28 11.598-32.548-32.548zm28.604 163.406-28-16.673v-95.707l28-11.598zm-48-114.92v97.977l-39.375 21.338-39.375-21.339v-97.977l39.375-39.374zm-88.517 115.431 39.142 21.213v31.847l-67.142-36.387zm59.142 21.213 39.142-21.213 28 16.673-67.142 36.388zm-61.722-152.582-28-11.598 20.951-20.95h39.597zm93.972-96.548c6.479 0 11.75 5.271 11.75 11.75v32.25h-108v-32.25c0-6.479 5.271-11.75 11.75-11.75z\"><\/path><path id=\"XMLID_160_\" d=\"m462 166c-5.522 0-10 4.477-10 10v10c0 5.523 4.478 10 10 10s10-4.477 10-10v-10c0-5.523-4.478-10-10-10z\"><\/path><path id=\"XMLID_809_\" d=\"m462 236c-5.522 0-10 4.477-10 10v10c0 5.523 4.478 10 10 10s10-4.477 10-10v-10c0-5.523-4.478-10-10-10z\"><\/path><path id=\"XMLID_1166_\" d=\"m502 206h-10c-5.522 0-10 4.477-10 10s4.478 10 10 10h10c5.522 0 10-4.477 10-10s-4.478-10-10-10z\"><\/path><path id=\"XMLID_1170_\" d=\"m432 206h-10c-5.522 0-10 4.477-10 10s4.478 10 10 10h10c5.522 0 10-4.477 10-10s-4.478-10-10-10z\"><\/path><path id=\"XMLID_1172_\" d=\"m50 377.207c-5.522 0-10 4.477-10 10v10c0 5.523 4.478 10 10 10s10-4.477 10-10v-10c0-5.523-4.478-10-10-10z\"><\/path><path id=\"XMLID_1174_\" d=\"m50 447.207c-5.522 0-10 4.477-10 10v10c0 5.523 4.478 10 10 10s10-4.477 10-10v-10c0-5.523-4.478-10-10-10z\"><\/path><path id=\"XMLID_1189_\" d=\"m90 417.207h-10c-5.522 0-10 4.477-10 10s4.478 10 10 10h10c5.522 0 10-4.477 10-10s-4.478-10-10-10z\"><\/path><path id=\"XMLID_1192_\" d=\"m20 417.207h-10c-5.522 0-10 4.477-10 10s4.478 10 10 10h10c5.522 0 10-4.477 10-10s-4.478-10-10-10z\"><\/path><path id=\"XMLID_1258_\" d=\"m165.689 376.57c1.87-1.86 2.94-4.44 2.94-7.07s-1.07-5.21-2.94-7.07c-1.859-1.86-4.43-2.93-7.069-2.93-2.63 0-5.21 1.07-7.07 2.93s-2.92 4.44-2.92 7.07 1.06 5.21 2.92 7.07c1.87 1.86 4.44 2.93 7.07 2.93 2.64 0 5.21-1.07 7.069-2.93z\"><\/path><\/g><\/g><\/svg> <\/div>\t\t\t\t\t\t\t\t\t\t\t\t\t\t<\/div>\n\t\t\t\t\t<\/div>\n\t\t\t\t\t\t\t\t<div class=\"info-box-content\">\n\t\t\t\t\t<div class=\"info-box-inner\">\n\t\t\t\t\t\t<\/p>\n<h2 style=\"text-align: center;\">Cr\u00e9ations<\/h2>\n<p style=\"text-align: center;\">Cit\u00e9 Dor\u00e9 cr\u00e9e des bijoux exclusifs. Notre entreprise est un art de la passion et du d\u00e9vouement, avec 40 ans d&rsquo;histoire de perfection, d&rsquo;expertise et de savoir-faire. Pat Ragusa, avec sa passion pour les bijoux et la cr\u00e9ation depuis 1976, a cr\u00e9\u00e9 des milliers de mod\u00e8les exclusifs et pourrait concevoir un style qui pourrait accentuer votre distinction personnelle. Nos bijoux sont con\u00e7us en fonction de votre personnalit\u00e9 et de vos go\u00fbts. Nous pouvons \u00e9galement remodeler un bijou que vous avez en votre possession. Que vous ayez un mod\u00e8le en t\u00eate que vous souhaitez cr\u00e9er, ou un bijou existant que vous souhaitez restaurer ou transformer. Venez et laissez-nous vous offrir un bijou unique et \u00e0 votre image !<\/p>\n<p>\n\t\t\t\t\t<\/div>\n\t\t\t\t<\/div>\n\t\t\t<\/div>\n\t\t[\/vc_column][vc_column width=\u00a0\u00bb1\/3&Prime;]\t\t\t<div class=\" basel-info-box text-center icon-alignment-top box-style-base color-scheme-dark  with-animation \" onclick=\"\">\n\t\t\t\t\t\t\t\t\t<div class=\"box-icon-wrapper\">\n\t\t\t\t\t\t<div class=\"info-box-icon\">\n\t\t\t\t\t\t\t\t\t\t\t\t\t\t\t\t\t\t\t\t\t\t\t\t\t\t\t\t\t\t\t\t\t\t\t\t\t\t<script type=\"text\/javascript\">\n\t\t\t\t\t\t\t\t\t\t\t\t\tjQuery(document).ready(function($) {\n                                                        if ( $(\"#svg-8190\").length > 0 ) {\n\t\t\t\t\t\t\t\t\t\t\t\t\t\tnew Vivus('svg-8190', {\n\t\t\t\t\t\t\t\t\t\t\t\t\t\t    type: 'delayed',\n\t\t\t\t\t\t\t\t\t\t\t\t\t\t    duration: 200,\n\t\t\t\t\t\t\t\t\t\t\t\t\t\t    start: 'inViewport',\n\t\t\t\t\t\t\t\t\t\t\t\t\t\t    animTimingFunction: Vivus.EASE_OUT\n\t\t\t\t\t\t\t\t\t\t\t\t\t\t});\n\t\t\t\t\t\t\t\t\t\t\t\t\t}\n                                                    });\n\t\t\t\t\t\t\t\t\t\t\t\t<\/script>\n\t\t\t\t\t\t\t\t\t\t\t\t<div class=\"info-svg-wrapper\" style=\"width: 60px;height: 60px;\"><svg xmlns=\"http:\/\/www.w3.org\/2000\/svg\" xmlns:xlink=\"http:\/\/www.w3.org\/1999\/xlink\" version=\"1.1\" id=\"svg-8190\" x=\"0px\" y=\"0px\" viewBox=\"0 0 512 512\" style=\"enable-background:new 0 0 512 512;\" xml:space=\"preserve\"> <g> <g> <path d=\"M510.362,215.571l-81.99-125.025c-1.849-2.818-4.991-4.516-8.361-4.516H92.378c-3.363,0-6.5,1.69-8.35,4.499 L1.906,215.181c-0.391,0.539-0.73,1.121-1.013,1.743c-1.621,3.574-1.001,7.765,1.585,10.717l41.625,47.527 c3.639,4.155,9.955,4.573,14.109,0.935c4.154-3.639,4.572-9.956,0.934-14.109l-27.097-30.941h134.501L234.137,461.8 l-76.375-87.205c-3.638-4.155-9.956-4.573-14.109-0.935c-4.154,3.639-4.572,9.956-0.934,14.109l105.79,120.791 c1.898,2.168,4.641,3.412,7.522,3.412c2.882,0,5.623-1.244,7.521-3.413l112.63-128.632c3.639-4.155,3.22-10.472-0.936-14.109 c-4.156-3.639-10.473-3.22-14.109,0.936l-83.21,95.033l67.584-230.735h134.445l-62.183,71.02 c-3.639,4.155-3.22,10.472,0.936,14.109c1.897,1.662,4.245,2.477,6.583,2.477c2.782,0,5.55-1.155,7.526-3.413l76.706-87.605 C512.482,224.262,512.825,219.326,510.362,215.571z M28.573,211.055l63.785-96.821l63.495,96.821H28.573z M110.892,106.029 h126.623l-63.311,96.541L110.892,106.029z M256.03,114.263l63.475,96.792H192.555L256.03,114.263z M256.03,465.403l-68.642-234.35 h137.284L256.03,465.403z M338.02,202.821l-63.475-96.792h126.952L338.02,202.821z M356.535,211.055l63.476-96.792l63.474,96.792 H356.535z\"><\/path> <\/g> <\/g> <g> <g> <path d=\"M157.189,327.017c-25.793,0-46.778-20.985-46.778-46.778c0-5.522-4.477-9.999-9.999-9.999s-9.999,4.477-9.999,9.999 c0,25.793-20.985,46.778-46.778,46.778c-5.521,0-9.999,4.477-9.999,9.999c0,5.522,4.478,9.999,9.999,9.999 c25.793,0,46.778,20.985,46.778,46.778c0,5.522,4.478,9.999,9.999,9.999s9.999-4.477,9.999-9.999 c0-25.793,20.985-46.778,46.778-46.778c5.522,0,9.999-4.477,9.999-9.999C167.188,331.494,162.711,327.017,157.189,327.017z M100.412,358.677c-5.451-8.782-12.879-16.209-21.66-21.661c8.781-5.451,16.208-12.878,21.66-21.661 c5.451,8.782,12.879,16.209,21.66,21.661C113.291,342.468,105.864,349.894,100.412,358.677z\"><\/path> <\/g> <\/g> <g> <g> <path d=\"M502.001,40.023c-16.54,0-29.997-13.457-29.997-29.997c0-5.522-4.478-9.999-9.999-9.999s-9.999,4.477-9.999,9.999 c0,16.54-13.457,29.997-29.997,29.997c-5.521,0-9.999,4.477-9.999,9.999s4.478,9.999,9.999,9.999 c16.54,0,29.997,13.457,29.997,29.997c0,5.522,4.478,9.999,9.999,9.999s9.999-4.477,9.999-9.999 c0-16.54,13.457-29.997,29.997-29.997c5.521,0,9.999-4.477,9.999-9.999S507.522,40.023,502.001,40.023z M462.005,60.052 c-2.853-3.798-6.232-7.177-10.03-10.03c3.798-2.853,7.177-6.232,10.03-10.03c2.853,3.798,6.232,7.177,10.03,10.03 C468.237,52.874,464.857,56.254,462.005,60.052z\"><\/path> <\/g> <\/g> <g> <g> <path d=\"M402.783,335.371c-1.859-1.87-4.439-2.93-7.068-2.93c-2.631,0-5.199,1.06-7.069,2.93c-1.86,1.86-2.93,4.44-2.93,7.069 s1.069,5.209,2.93,7.069c1.86,1.86,4.438,2.93,7.069,2.93c2.63,0,5.209-1.07,7.068-2.93c1.86-1.86,2.931-4.44,2.931-7.069 S404.644,337.231,402.783,335.371z\"><\/path> <\/g> <\/g> <g> <\/g> <g> <\/g> <g> <\/g> <g> <\/g> <g> <\/g> <g> <\/g> <g> <\/g> <g> <\/g> <g> <\/g> <g> <\/g> <g> <\/g> <g> <\/g> <g> <\/g> <g> <\/g> <g> <\/g> <\/svg> <\/div>\t\t\t\t\t\t\t\t\t\t\t\t\t\t<\/div>\n\t\t\t\t\t<\/div>\n\t\t\t\t\t\t\t\t<div class=\"info-box-content\">\n\t\t\t\t\t<div class=\"info-box-inner\">\n\t\t\t\t\t\t<\/p>\n<h2 style=\"text-align: center;\">R\u00e9paration de bijoux<\/h2>\n<p style=\"text-align: center;\">Notre personnel qualifi\u00e9 et nos orf\u00e8vres internes sont heureux de vous aider pour tous vos besoins en mati\u00e8re de r\u00e9paration et de restauration. Notre ma\u00eetre bijoutier a trente-cinq ans d&rsquo;exp\u00e9rience. Nous r\u00e9parons les bijoux en or, en platine et en argent et de nombreux services seront effectu\u00e9s pour r\u00e9pondre aux besoins de nos clients, comme le calibrage des bagues, le sertissage des diamants et le regarnissage des perles. Nous vous fournissons ce qui est n\u00e9cessaire et requis pour vos bijoux avec le plus grand professionnalisme.<\/p>\n<p>\n\t\t\t\t\t<\/div>\n\t\t\t\t<\/div>\n\t\t\t<\/div>\n\t\t[\/vc_column][\/vc_row][vc_row][vc_column]<div class=\"title-wrapper  basel-title-color-default basel-title-style-bordered basel-title-size-default text-center vc_custom_1589918425795\"><span class=\"title-subtitle font-default\">CONTACTEZ-NOUS<\/span><div class=\"liner-continer\"> <span class=\"left-line\"><\/span> <h1 class=\"title\" >CONSULTER UN EXPERT<span class=\"title-separator\"><span><\/span><\/span><\/h1> <span class=\"right-line\"><\/span> <\/div><\/div><div role=\"form\" class=\"wpcf7\" id=\"wpcf7-f350-o1\" lang=\"en-US\" dir=\"ltr\">\n<div class=\"screen-reader-response\"><p role=\"status\" aria-live=\"polite\" aria-atomic=\"true\"><\/p> <ul><\/ul><\/div>\n<form action=\"\/fr\/wp-json\/wp\/v2\/pages\/35117#wpcf7-f350-o1\" method=\"post\" class=\"wpcf7-form init\" novalidate=\"novalidate\" data-status=\"init\">\n<div style=\"display: none;\">\n<input type=\"hidden\" name=\"_wpcf7\" value=\"350\" \/>\n<input type=\"hidden\" name=\"_wpcf7_version\" value=\"5.6\" \/>\n<input type=\"hidden\" name=\"_wpcf7_locale\" value=\"en_US\" \/>\n<input type=\"hidden\" name=\"_wpcf7_unit_tag\" value=\"wpcf7-f350-o1\" \/>\n<input type=\"hidden\" name=\"_wpcf7_container_post\" value=\"0\" \/>\n<input type=\"hidden\" name=\"_wpcf7_posted_data_hash\" value=\"\" \/>\n<input type=\"hidden\" name=\"_wpcf7_recaptcha_response\" value=\"\" \/>\n<\/div>\n<div class=\"row\">\n<div class=\"col-md-4\">\n<p style=\"margin-bottom: 27px;\"><label>Votre nom (obligatoire)<\/label> <span class=\"wpcf7-form-control-wrap\" data-name=\"your-name\"><input type=\"text\" name=\"your-name\" value=\"\" size=\"40\" class=\"wpcf7-form-control wpcf7-text wpcf7-validates-as-required\" aria-required=\"true\" aria-invalid=\"false\" \/><\/span> <\/p>\n<p style=\"margin-bottom: 27px;\"><label>Votre courriel (obligatoire)<\/label> <span class=\"wpcf7-form-control-wrap\" data-name=\"your-email\"><input type=\"email\" name=\"your-email\" value=\"\" size=\"40\" class=\"wpcf7-form-control wpcf7-text wpcf7-email wpcf7-validates-as-required wpcf7-validates-as-email\" aria-required=\"true\" aria-invalid=\"false\" \/><\/span> <\/p>\n<p style=\"margin-bottom: 27px;\"><label>Sujet<\/label> <span class=\"wpcf7-form-control-wrap\" data-name=\"your-subject\"><input type=\"text\" name=\"your-subject\" value=\"\" size=\"40\" class=\"wpcf7-form-control wpcf7-text\" aria-invalid=\"false\" \/><\/span><\/p>\n<\/div>\n<div class=\"col-md-8\">\n<p><label>Votre message<\/label> <span class=\"wpcf7-form-control-wrap\" data-name=\"your-message\"><textarea name=\"your-message\" cols=\"40\" rows=\"10\" class=\"wpcf7-form-control wpcf7-textarea\" aria-invalid=\"false\"><\/textarea><\/span>  <\/p>\n<\/div>\n<\/div>\n<p><input type=\"submit\" value=\"ENVOYER UN MESSAGE\" class=\"wpcf7-form-control has-spinner wpcf7-submit btn btn-color-primary\" \/><\/p>\n<div class=\"wpcf7-response-output\" aria-hidden=\"true\"><\/div><\/form><\/div>[\/vc_column][\/vc_row]<\/p>\n","protected":false},"excerpt":{"rendered":"<p>[vc_row full_width=\u00a0\u00bbstretch_row_content\u00a0\u00bb content_placement=\u00a0\u00bbmiddle\u00a0\u00bb parallax=\u00a0\u00bbcontent-moving-fade\u00a0\u00bb parallax_image=\u00a0\u00bb1478&Prime; css=\u00a0\u00bb.vc_custom_1589993627524{margin-top: -40px !important;padding-top: 150px !important;padding-bottom: 150px !important;background-image: url(http:\/\/citedoree.com\/wp-content\/uploads\/2020\/05\/VITO2345-4-1.jpg?id=1478) !important;}\u00a0\u00bb][vc_column width=\u00a0\u00bb1\/6&Prime;][\/vc_column][vc_column width=\u00a0\u00bb2\/3&Prime;][vc_custom_heading text=\u00a0\u00bbSERVICES\u00a0\u00bb font_container=\u00a0\u00bbtag:h1|font_size:40|text_align:center|color:%23ffffff\u00a0\u00bb use_theme_fonts=\u00a0\u00bbyes\u00a0\u00bb][vc_column_text css_animation=\u00a0\u00bbnone\u00a0\u00bb<\/p>\n","protected":false},"author":2117,"featured_media":0,"parent":0,"menu_order":0,"comment_status":"closed","ping_status":"closed","template":"","meta":{"_mi_skip_tracking":false,"spay_email":""},"_links":{"self":[{"href":"https:\/\/citedoree.com\/fr\/wp-json\/wp\/v2\/pages\/35117"}],"collection":[{"href":"https:\/\/citedoree.com\/fr\/wp-json\/wp\/v2\/pages"}],"about":[{"href":"https:\/\/citedoree.com\/fr\/wp-json\/wp\/v2\/types\/page"}],"author":[{"embeddable":true,"href":"https:\/\/citedoree.com\/fr\/wp-json\/wp\/v2\/users\/2117"}],"replies":[{"embeddable":true,"href":"https:\/\/citedoree.com\/fr\/wp-json\/wp\/v2\/comments?post=35117"}],"version-history":[{"count":7,"href":"https:\/\/citedoree.com\/fr\/wp-json\/wp\/v2\/pages\/35117\/revisions"}],"predecessor-version":[{"id":35748,"href":"https:\/\/citedoree.com\/fr\/wp-json\/wp\/v2\/pages\/35117\/revisions\/35748"}],"wp:attachment":[{"href":"https:\/\/citedoree.com\/fr\/wp-json\/wp\/v2\/media?parent=35117"}],"curies":[{"name":"wp","href":"https:\/\/api.w.org\/{rel}","templated":true}]}}