{"id":34824,"date":"2023-02-05T16:48:51","date_gmt":"2023-02-05T16:48:51","guid":{"rendered":"https:\/\/citedoree.com\/product\/tw-steel-slim-line-cadran-argente-acier-inoxydable-45mm\/"},"modified":"2023-02-05T16:48:51","modified_gmt":"2023-02-05T16:48:51","slug":"tw-steel-slim-line-cadran-argente-acier-inoxydable-45mm","status":"publish","type":"product","link":"https:\/\/citedoree.com\/fr\/product\/tw-steel-slim-line-cadran-argente-acier-inoxydable-45mm\/","title":{"rendered":"TW STEEL &#8211; Slim Line Cadran argent\u00e9 Acier inoxydable &#8211; 45MM"},"content":{"rendered":"","protected":false},"excerpt":{"rendered":"<p>Bo\u00eetier en acier inoxydable avec un bracelet en acier inoxydable. Lunette fixe en acier inoxydable. Cadran argent\u00e9 avec aiguilles et index noirs. Des chiffres arabes marquent les positions 6 et 12 heures. Type de cadran : Analogique. Affichage de la date \u00e0 la position 3 heures. Mouvement \u00e0 quartz. Moteur Caliber 1s13. Verre saphir r\u00e9sistant aux rayures. Couronne tir\u00e9e \/ pouss\u00e9e. Fond de bo\u00eetier solide. Diam\u00e8tre du bo\u00eetier : 45 mm. \u00c9paisseur du bo\u00eetier : 9 mm. Forme ronde du bo\u00eetier. Boucle \u00e0 d\u00e9ploiement cach\u00e9. R\u00e9sistant \u00e0 l&rsquo;eau \u00e0 50 m\u00e8tres \/ 165 pieds. Fonctions : date, heure, minute, seconde. Style de montre d\u00e9contract\u00e9. Montre TW Steel Slim Line en acier inoxydable avec cadran argent\u00e9 TW1307.<\/p>\n","protected":false},"featured_media":34458,"template":"","meta":{"_mi_skip_tracking":false,"spay_email":""},"product_cat":[101,112],"product_tag":[],"_links":{"self":[{"href":"https:\/\/citedoree.com\/fr\/wp-json\/wp\/v2\/product\/34824"}],"collection":[{"href":"https:\/\/citedoree.com\/fr\/wp-json\/wp\/v2\/product"}],"about":[{"href":"https:\/\/citedoree.com\/fr\/wp-json\/wp\/v2\/types\/product"}],"wp:featuredmedia":[{"embeddable":true,"href":"https:\/\/citedoree.com\/fr\/wp-json\/wp\/v2\/media\/34458"}],"wp:attachment":[{"href":"https:\/\/citedoree.com\/fr\/wp-json\/wp\/v2\/media?parent=34824"}],"wp:term":[{"taxonomy":"product_cat","embeddable":true,"href":"https:\/\/citedoree.com\/fr\/wp-json\/wp\/v2\/product_cat?post=34824"},{"taxonomy":"product_tag","embeddable":true,"href":"https:\/\/citedoree.com\/fr\/wp-json\/wp\/v2\/product_tag?post=34824"}],"curies":[{"name":"wp","href":"https:\/\/api.w.org\/{rel}","templated":true}]}}