{"id":34825,"date":"2023-02-05T16:48:51","date_gmt":"2023-02-05T16:48:51","guid":{"rendered":"https:\/\/citedoree.com\/product\/tw-steel-ceo-canteen-cadran-noir-50-mm\/"},"modified":"2023-02-05T16:48:51","modified_gmt":"2023-02-05T16:48:51","slug":"tw-steel-ceo-canteen-cadran-noir-50-mm","status":"publish","type":"product","link":"https:\/\/citedoree.com\/fr\/product\/tw-steel-ceo-canteen-cadran-noir-50-mm\/","title":{"rendered":"TW STEEL- CEO Canteen- Cadran noir- 50 MM"},"content":{"rendered":"","protected":false},"excerpt":{"rendered":"<p>Bo\u00eetier en acier inoxydable plaqu\u00e9 or rose avec un bracelet en cuir noir avec surpiq\u00fbres contrast\u00e9es. Lunette fixe en plaqu\u00e9 or rose. Cadran noir avec aiguilles et index luminescents. Un chiffre arabe marque les positions 6 et 12 heures. Marqueurs des minutes sur le pourtour ext\u00e9rieur. La date et le jour de la semaine apparaissent \u00e0 la position 3 heures. Mouvement \u00e0 quartz. Verre min\u00e9ral recouvert de saphir r\u00e9sistant aux rayures. Fond de bo\u00eetier solide. Diam\u00e8tre du bo\u00eetier : 50 mm. \u00c9paisseur du bo\u00eetier : 15 mm. Fermoir Tang. R\u00e9sistant \u00e0 l&rsquo;eau \u00e0 100 m\u00e8tres\/ 330 pieds. Fonctions : heures, minutes, secondes, calendrier.<\/p>\n","protected":false},"featured_media":34448,"template":"","meta":{"_mi_skip_tracking":false,"spay_email":""},"product_cat":[101,112],"product_tag":[],"_links":{"self":[{"href":"https:\/\/citedoree.com\/fr\/wp-json\/wp\/v2\/product\/34825"}],"collection":[{"href":"https:\/\/citedoree.com\/fr\/wp-json\/wp\/v2\/product"}],"about":[{"href":"https:\/\/citedoree.com\/fr\/wp-json\/wp\/v2\/types\/product"}],"wp:featuredmedia":[{"embeddable":true,"href":"https:\/\/citedoree.com\/fr\/wp-json\/wp\/v2\/media\/34448"}],"wp:attachment":[{"href":"https:\/\/citedoree.com\/fr\/wp-json\/wp\/v2\/media?parent=34825"}],"wp:term":[{"taxonomy":"product_cat","embeddable":true,"href":"https:\/\/citedoree.com\/fr\/wp-json\/wp\/v2\/product_cat?post=34825"},{"taxonomy":"product_tag","embeddable":true,"href":"https:\/\/citedoree.com\/fr\/wp-json\/wp\/v2\/product_tag?post=34825"}],"curies":[{"name":"wp","href":"https:\/\/api.w.org\/{rel}","templated":true}]}}