{"id":34832,"date":"2023-02-05T16:48:53","date_gmt":"2023-02-05T16:48:53","guid":{"rendered":"https:\/\/citedoree.com\/product\/tw-steel-ceo-canteen-cadran-blanc-50mm\/"},"modified":"2023-02-05T16:48:53","modified_gmt":"2023-02-05T16:48:53","slug":"tw-steel-ceo-canteen-cadran-blanc-50mm","status":"publish","type":"product","link":"https:\/\/citedoree.com\/fr\/product\/tw-steel-ceo-canteen-cadran-blanc-50mm\/","title":{"rendered":"TW STEEL- CEO Canteen cadran blanc- 50MM"},"content":{"rendered":"","protected":false},"excerpt":{"rendered":"<p>Bo\u00eetier en acier inoxydable avec un bracelet en cuir brun avec surpiq\u00fbres contrast\u00e9es. Lunette en acier inoxydable. Cadran blanc avec aiguilles et index b\u00e2tons noirs. Un chiffre arabe marque les positions 6 et 12 heures. Marqueurs des minutes sur le pourtour ext\u00e9rieur. La date et le jour de la semaine apparaissent \u00e0 la position 3 heures. Mouvement \u00e0 quartz. Verre min\u00e9ral r\u00e9sistant aux rayures. Couronne pouss\u00e9e\/tir\u00e9e avec capuchon de protection viss\u00e9. Fond de bo\u00eetier solide. Diam\u00e8tre du bo\u00eetier : 50 mm. \u00c9paisseur du bo\u00eetier : 15 mm. Fermoir Tang. R\u00e9sistant \u00e0 l&rsquo;eau \u00e0 100 m\u00e8tres \/ 330 pieds. Fonctions : heures, minutes, secondes, date, jour de la semaine.<\/p>\n","protected":false},"featured_media":34447,"template":"","meta":{"_mi_skip_tracking":false,"spay_email":""},"product_cat":[101,112],"product_tag":[],"_links":{"self":[{"href":"https:\/\/citedoree.com\/fr\/wp-json\/wp\/v2\/product\/34832"}],"collection":[{"href":"https:\/\/citedoree.com\/fr\/wp-json\/wp\/v2\/product"}],"about":[{"href":"https:\/\/citedoree.com\/fr\/wp-json\/wp\/v2\/types\/product"}],"wp:featuredmedia":[{"embeddable":true,"href":"https:\/\/citedoree.com\/fr\/wp-json\/wp\/v2\/media\/34447"}],"wp:attachment":[{"href":"https:\/\/citedoree.com\/fr\/wp-json\/wp\/v2\/media?parent=34832"}],"wp:term":[{"taxonomy":"product_cat","embeddable":true,"href":"https:\/\/citedoree.com\/fr\/wp-json\/wp\/v2\/product_cat?post=34832"},{"taxonomy":"product_tag","embeddable":true,"href":"https:\/\/citedoree.com\/fr\/wp-json\/wp\/v2\/product_tag?post=34832"}],"curies":[{"name":"wp","href":"https:\/\/api.w.org\/{rel}","templated":true}]}}