{"id":34833,"date":"2023-02-05T16:48:54","date_gmt":"2023-02-05T16:48:54","guid":{"rendered":"https:\/\/citedoree.com\/product\/tw-steel-canteen-cadran-argente-acier-inoxydable-40mm\/"},"modified":"2023-02-05T16:48:54","modified_gmt":"2023-02-05T16:48:54","slug":"tw-steel-canteen-cadran-argente-acier-inoxydable-40mm","status":"publish","type":"product","link":"https:\/\/citedoree.com\/fr\/product\/tw-steel-canteen-cadran-argente-acier-inoxydable-40mm\/","title":{"rendered":"TW STEEL- Canteen Cadran argent\u00e9 Acier inoxydable- 40MM"},"content":{"rendered":"","protected":false},"excerpt":{"rendered":"<p>Bo\u00eetier en acier inoxydable avec un bracelet en acier inoxydable. Lunette fixe en acier inoxydable. Cadran argent\u00e9 avec aiguilles et index des heures de couleur argent\u00e9e. Des chiffres arabes marquent les positions 3, 6, 9 et 12 heures. Marqueurs des minutes sur le pourtour ext\u00e9rieur. Type de cadran : Analogique. Affichage de la date \u00e0 la position 3 heures. Mouvement \u00e0 quartz. Verre min\u00e9ral r\u00e9sistant aux rayures. Couronne viss\u00e9e. Fond de bo\u00eetier solide. Diam\u00e8tre du bo\u00eetier : 40 mm. \u00c9paisseur du bo\u00eetier : 11 mm. Forme ronde du bo\u00eetier. Largeur de la bande : 20 mm. Rabattre avec un fermoir de s\u00e9curit\u00e9. R\u00e9sistant \u00e0 l&rsquo;eau \u00e0 100 m\u00e8tres \/ 330 pieds. Fonctions : date, heure, minute, seconde. Style de montre d\u00e9contract\u00e9.<\/p>\n","protected":false},"featured_media":34457,"template":"","meta":{"_mi_skip_tracking":false,"spay_email":""},"product_cat":[101,112],"product_tag":[],"_links":{"self":[{"href":"https:\/\/citedoree.com\/fr\/wp-json\/wp\/v2\/product\/34833"}],"collection":[{"href":"https:\/\/citedoree.com\/fr\/wp-json\/wp\/v2\/product"}],"about":[{"href":"https:\/\/citedoree.com\/fr\/wp-json\/wp\/v2\/types\/product"}],"wp:featuredmedia":[{"embeddable":true,"href":"https:\/\/citedoree.com\/fr\/wp-json\/wp\/v2\/media\/34457"}],"wp:attachment":[{"href":"https:\/\/citedoree.com\/fr\/wp-json\/wp\/v2\/media?parent=34833"}],"wp:term":[{"taxonomy":"product_cat","embeddable":true,"href":"https:\/\/citedoree.com\/fr\/wp-json\/wp\/v2\/product_cat?post=34833"},{"taxonomy":"product_tag","embeddable":true,"href":"https:\/\/citedoree.com\/fr\/wp-json\/wp\/v2\/product_tag?post=34833"}],"curies":[{"name":"wp","href":"https:\/\/api.w.org\/{rel}","templated":true}]}}