{"id":34845,"date":"2023-02-05T16:48:57","date_gmt":"2023-02-05T16:48:57","guid":{"rendered":"https:\/\/citedoree.com\/product\/tw-steel-ceo-goliath-cadran-noir-42mm\/"},"modified":"2023-02-05T16:48:57","modified_gmt":"2023-02-05T16:48:57","slug":"tw-steel-ceo-goliath-cadran-noir-42mm","status":"publish","type":"product","link":"https:\/\/citedoree.com\/fr\/product\/tw-steel-ceo-goliath-cadran-noir-42mm\/","title":{"rendered":"TW STEEL- CEO Goliath cadran noir- 42MM"},"content":{"rendered":"","protected":false},"excerpt":{"rendered":"<p>Bo\u00eetier en acier inoxydable avec un bracelet en cuir noir. Lunette fixe en acier inoxydable. Cadran noir avec aiguilles et index luminescents. Des chiffres romains marquent les positions 6 et 12 heures. Affichage de la date \u00e0 la position 3 heures. Mouvement \u00e0 quartz. Verre min\u00e9ral r\u00e9sistant aux rayures. Fond de bo\u00eetier solide. Diam\u00e8tre du bo\u00eetier : 42 mm. Fermoir Tang. R\u00e9sistant \u00e0 l&rsquo;eau \u00e0 30 m\u00e8tres\/ 100 pieds. Fonctions : heures, minutes, secondes, calendrier.<\/p>\n","protected":false},"featured_media":34456,"template":"","meta":{"_mi_skip_tracking":false,"spay_email":""},"product_cat":[101,112],"product_tag":[],"_links":{"self":[{"href":"https:\/\/citedoree.com\/fr\/wp-json\/wp\/v2\/product\/34845"}],"collection":[{"href":"https:\/\/citedoree.com\/fr\/wp-json\/wp\/v2\/product"}],"about":[{"href":"https:\/\/citedoree.com\/fr\/wp-json\/wp\/v2\/types\/product"}],"wp:featuredmedia":[{"embeddable":true,"href":"https:\/\/citedoree.com\/fr\/wp-json\/wp\/v2\/media\/34456"}],"wp:attachment":[{"href":"https:\/\/citedoree.com\/fr\/wp-json\/wp\/v2\/media?parent=34845"}],"wp:term":[{"taxonomy":"product_cat","embeddable":true,"href":"https:\/\/citedoree.com\/fr\/wp-json\/wp\/v2\/product_cat?post=34845"},{"taxonomy":"product_tag","embeddable":true,"href":"https:\/\/citedoree.com\/fr\/wp-json\/wp\/v2\/product_tag?post=34845"}],"curies":[{"name":"wp","href":"https:\/\/api.w.org\/{rel}","templated":true}]}}