{"id":34846,"date":"2023-02-05T16:48:57","date_gmt":"2023-02-05T16:48:57","guid":{"rendered":"https:\/\/citedoree.com\/product\/tw-steel-canteen-cadran-noir-pvd-noir-45mm\/"},"modified":"2023-02-05T16:48:57","modified_gmt":"2023-02-05T16:48:57","slug":"tw-steel-canteen-cadran-noir-pvd-noir-45mm","status":"publish","type":"product","link":"https:\/\/citedoree.com\/fr\/product\/tw-steel-canteen-cadran-noir-pvd-noir-45mm\/","title":{"rendered":"TW STEEL- Canteen Cadran noir PVD noir &#8211; 45MM"},"content":{"rendered":"","protected":false},"excerpt":{"rendered":"<p>Bo\u00eetier en acier inoxydable avec rev\u00eatement PVD noir et bracelet en cuir noir. Lunette fixe en PVD noir sertie de 56 cristaux Swarovski. Cadran noir avec aiguilles et index gris. Des chiffres arabes marquent les positions 3, 6, 9 et 12 heures. Marqueurs de minutes. tachym\u00e8tre autour de la jante ext\u00e9rieure. Type de cadran : Analogique. Affichage de la date \u00e0 la position 3 heures. Mouvement \u00e0 quartz. Verre min\u00e9ral r\u00e9sistant aux rayures. Couronne \u00e0 tirer\/pousser avec bouchon de cantine. Fond de bo\u00eetier solide. Diam\u00e8tre du bo\u00eetier : 45 mm. Forme ronde du bo\u00eetier. Largeur de la bande : 20 mm. Fermoir Tang. R\u00e9sistant \u00e0 l&rsquo;eau \u00e0 100 m\u00e8tres \/ 330 pieds. Fonctions : chronographe, heure, minute, seconde. Style de montre d\u00e9contract\u00e9.<\/p>\n","protected":false},"featured_media":34451,"template":"","meta":{"_mi_skip_tracking":false,"spay_email":""},"product_cat":[101,112],"product_tag":[],"_links":{"self":[{"href":"https:\/\/citedoree.com\/fr\/wp-json\/wp\/v2\/product\/34846"}],"collection":[{"href":"https:\/\/citedoree.com\/fr\/wp-json\/wp\/v2\/product"}],"about":[{"href":"https:\/\/citedoree.com\/fr\/wp-json\/wp\/v2\/types\/product"}],"wp:featuredmedia":[{"embeddable":true,"href":"https:\/\/citedoree.com\/fr\/wp-json\/wp\/v2\/media\/34451"}],"wp:attachment":[{"href":"https:\/\/citedoree.com\/fr\/wp-json\/wp\/v2\/media?parent=34846"}],"wp:term":[{"taxonomy":"product_cat","embeddable":true,"href":"https:\/\/citedoree.com\/fr\/wp-json\/wp\/v2\/product_cat?post=34846"},{"taxonomy":"product_tag","embeddable":true,"href":"https:\/\/citedoree.com\/fr\/wp-json\/wp\/v2\/product_tag?post=34846"}],"curies":[{"name":"wp","href":"https:\/\/api.w.org\/{rel}","templated":true}]}}