{"id":34847,"date":"2023-02-05T16:48:57","date_gmt":"2023-02-05T16:48:57","guid":{"rendered":"https:\/\/citedoree.com\/product\/tw-steel-slimline-cadran-noir-en-acier-inoxydable-ton-or-rose-45mm\/"},"modified":"2023-02-05T16:48:57","modified_gmt":"2023-02-05T16:48:57","slug":"tw-steel-slimline-cadran-noir-en-acier-inoxydable-ton-or-rose-45mm","status":"publish","type":"product","link":"https:\/\/citedoree.com\/fr\/product\/tw-steel-slimline-cadran-noir-en-acier-inoxydable-ton-or-rose-45mm\/","title":{"rendered":"TW STEEL- Slimline Cadran noir en acier inoxydable ton or rose- 45MM"},"content":{"rendered":"<p>TW Steel Slim TW1308 est une montre pour hommes \u00e9tonnante et sp\u00e9ciale. Le mat\u00e9riau du bo\u00eetier est un placage PVD rose et le cadran noir donne \u00e0 la montre un aspect unique. Les caract\u00e9ristiques de la montre comprennent (entre autres) une fonction de date. En ce qui concerne l&rsquo;\u00e9tanch\u00e9it\u00e9, la montre r\u00e9siste jusqu&rsquo;\u00e0 50 m\u00e8tres. Cela signifie qu&rsquo;il peut \u00eatre immerg\u00e9 dans l&rsquo;eau pendant de longues p\u00e9riodes, et peut donc \u00eatre utilis\u00e9 pour la natation et la p\u00eache. Il n&rsquo;est pas recommand\u00e9 pour les sports nautiques \u00e0 fort impact.<\/p>\n","protected":false},"excerpt":{"rendered":"<p>TW Steel Slim TW1308 est une montre pour hommes \u00e9tonnante et sp\u00e9ciale. Le mat\u00e9riau du bo\u00eetier est un placage PVD<\/p>\n","protected":false},"featured_media":34442,"template":"","meta":{"_mi_skip_tracking":false,"spay_email":""},"product_cat":[101,112],"product_tag":[],"_links":{"self":[{"href":"https:\/\/citedoree.com\/fr\/wp-json\/wp\/v2\/product\/34847"}],"collection":[{"href":"https:\/\/citedoree.com\/fr\/wp-json\/wp\/v2\/product"}],"about":[{"href":"https:\/\/citedoree.com\/fr\/wp-json\/wp\/v2\/types\/product"}],"wp:featuredmedia":[{"embeddable":true,"href":"https:\/\/citedoree.com\/fr\/wp-json\/wp\/v2\/media\/34442"}],"wp:attachment":[{"href":"https:\/\/citedoree.com\/fr\/wp-json\/wp\/v2\/media?parent=34847"}],"wp:term":[{"taxonomy":"product_cat","embeddable":true,"href":"https:\/\/citedoree.com\/fr\/wp-json\/wp\/v2\/product_cat?post=34847"},{"taxonomy":"product_tag","embeddable":true,"href":"https:\/\/citedoree.com\/fr\/wp-json\/wp\/v2\/product_tag?post=34847"}],"curies":[{"name":"wp","href":"https:\/\/api.w.org\/{rel}","templated":true}]}}