{"id":34852,"date":"2023-02-05T16:49:00","date_gmt":"2023-02-05T16:49:00","guid":{"rendered":"https:\/\/citedoree.com\/product\/tw-acier-grandeur-tech-collection-48mm\/"},"modified":"2023-02-05T16:49:00","modified_gmt":"2023-02-05T16:49:00","slug":"tw-acier-grandeur-tech-collection-48mm","status":"publish","type":"product","link":"https:\/\/citedoree.com\/fr\/product\/tw-acier-grandeur-tech-collection-48mm\/","title":{"rendered":"TW ACIER-GRANDEUR TECH COLLECTION- 48MM"},"content":{"rendered":"","protected":false},"excerpt":{"rendered":"<p>Le superbe mod\u00e8le Tw Steel CS11 avec un mouvement Miyota 2415 de la gamme Canteen. Ce garde-temps de qualit\u00e9 comprend un cadran cr\u00e8me et une fen\u00eatre de date plac\u00e9e en position 3. Il est \u00e9galement dot\u00e9 d&rsquo;un verre saphir et d&rsquo;un verre min\u00e9ral r\u00e9sistant aux rayures. Le bo\u00eetier est en acier de haute qualit\u00e9 316L et la couronne est munie d&rsquo;un capuchon de s\u00e9curit\u00e9. Ce mod\u00e8le est dot\u00e9 d&rsquo;un bracelet en cuir de haute qualit\u00e9 avec fermoir \u00e0 coque en PVD et est \u00e9tanche \u00e0 100 m\u00e8tres.<\/p>\n","protected":false},"featured_media":34445,"template":"","meta":{"_mi_skip_tracking":false,"spay_email":""},"product_cat":[101,112],"product_tag":[],"_links":{"self":[{"href":"https:\/\/citedoree.com\/fr\/wp-json\/wp\/v2\/product\/34852"}],"collection":[{"href":"https:\/\/citedoree.com\/fr\/wp-json\/wp\/v2\/product"}],"about":[{"href":"https:\/\/citedoree.com\/fr\/wp-json\/wp\/v2\/types\/product"}],"wp:featuredmedia":[{"embeddable":true,"href":"https:\/\/citedoree.com\/fr\/wp-json\/wp\/v2\/media\/34445"}],"wp:attachment":[{"href":"https:\/\/citedoree.com\/fr\/wp-json\/wp\/v2\/media?parent=34852"}],"wp:term":[{"taxonomy":"product_cat","embeddable":true,"href":"https:\/\/citedoree.com\/fr\/wp-json\/wp\/v2\/product_cat?post=34852"},{"taxonomy":"product_tag","embeddable":true,"href":"https:\/\/citedoree.com\/fr\/wp-json\/wp\/v2\/product_tag?post=34852"}],"curies":[{"name":"wp","href":"https:\/\/api.w.org\/{rel}","templated":true}]}}