{"id":34921,"date":"2023-02-05T16:49:59","date_gmt":"2023-02-05T16:49:59","guid":{"rendered":"https:\/\/citedoree.com\/product\/tw-steel-canteen-bracelet-collection-45mm\/"},"modified":"2023-02-05T16:49:59","modified_gmt":"2023-02-05T16:49:59","slug":"tw-steel-canteen-bracelet-collection-45mm","status":"publish","type":"product","link":"https:\/\/citedoree.com\/fr\/product\/tw-steel-canteen-bracelet-collection-45mm\/","title":{"rendered":"TW STEEL- CANTEEN BRACELET COLLECTION- 45MM"},"content":{"rendered":"","protected":false},"excerpt":{"rendered":"<p>45MM soins en acier, \u00e9tanche \u00e0 10 atm, mouvement chronographe miyota 6s20 avec date, lunette tachym\u00e8tre, cadran rouge soleil, verre min\u00e9ral renforc\u00e9 avec couche saphir, bracelet en acier avec pi\u00e8ces interm\u00e9diaires plaqu\u00e9es or jaune PVD brillant.<\/p>\n","protected":false},"featured_media":34443,"template":"","meta":{"_mi_skip_tracking":false,"spay_email":""},"product_cat":[101,112],"product_tag":[],"_links":{"self":[{"href":"https:\/\/citedoree.com\/fr\/wp-json\/wp\/v2\/product\/34921"}],"collection":[{"href":"https:\/\/citedoree.com\/fr\/wp-json\/wp\/v2\/product"}],"about":[{"href":"https:\/\/citedoree.com\/fr\/wp-json\/wp\/v2\/types\/product"}],"wp:featuredmedia":[{"embeddable":true,"href":"https:\/\/citedoree.com\/fr\/wp-json\/wp\/v2\/media\/34443"}],"wp:attachment":[{"href":"https:\/\/citedoree.com\/fr\/wp-json\/wp\/v2\/media?parent=34921"}],"wp:term":[{"taxonomy":"product_cat","embeddable":true,"href":"https:\/\/citedoree.com\/fr\/wp-json\/wp\/v2\/product_cat?post=34921"},{"taxonomy":"product_tag","embeddable":true,"href":"https:\/\/citedoree.com\/fr\/wp-json\/wp\/v2\/product_tag?post=34921"}],"curies":[{"name":"wp","href":"https:\/\/api.w.org\/{rel}","templated":true}]}}