{"id":34924,"date":"2023-02-05T16:50:01","date_gmt":"2023-02-05T16:50:01","guid":{"rendered":"https:\/\/citedoree.com\/product\/collier-elegant-a-gouttes-en-forme-de-cercle\/"},"modified":"2023-02-05T16:50:01","modified_gmt":"2023-02-05T16:50:01","slug":"collier-elegant-a-gouttes-en-forme-de-cercle","status":"publish","type":"product","link":"https:\/\/citedoree.com\/fr\/product\/collier-elegant-a-gouttes-en-forme-de-cercle\/","title":{"rendered":"Collier \u00e9l\u00e9gant \u00e0 gouttes en forme de cercle"},"content":{"rendered":"","protected":false},"excerpt":{"rendered":"","protected":false},"featured_media":34599,"template":"","meta":{"_mi_skip_tracking":false,"spay_email":""},"product_cat":[114,115],"product_tag":[],"_links":{"self":[{"href":"https:\/\/citedoree.com\/fr\/wp-json\/wp\/v2\/product\/34924"}],"collection":[{"href":"https:\/\/citedoree.com\/fr\/wp-json\/wp\/v2\/product"}],"about":[{"href":"https:\/\/citedoree.com\/fr\/wp-json\/wp\/v2\/types\/product"}],"wp:featuredmedia":[{"embeddable":true,"href":"https:\/\/citedoree.com\/fr\/wp-json\/wp\/v2\/media\/34599"}],"wp:attachment":[{"href":"https:\/\/citedoree.com\/fr\/wp-json\/wp\/v2\/media?parent=34924"}],"wp:term":[{"taxonomy":"product_cat","embeddable":true,"href":"https:\/\/citedoree.com\/fr\/wp-json\/wp\/v2\/product_cat?post=34924"},{"taxonomy":"product_tag","embeddable":true,"href":"https:\/\/citedoree.com\/fr\/wp-json\/wp\/v2\/product_tag?post=34924"}],"curies":[{"name":"wp","href":"https:\/\/api.w.org\/{rel}","templated":true}]}}