{"id":35031,"date":"2023-02-05T16:50:53","date_gmt":"2023-02-05T16:50:53","guid":{"rendered":"https:\/\/citedoree.com\/product\/gucci-watch-g-frame-white-blanc\/"},"modified":"2023-02-19T18:48:05","modified_gmt":"2023-02-19T18:48:05","slug":"gucci-watch-g-frame-white-blanc","status":"publish","type":"product","link":"https:\/\/citedoree.com\/fr\/product\/gucci-watch-g-frame-white-blanc\/","title":{"rendered":"Gucci &#8211; G-Frame-blanc"},"content":{"rendered":"<div class=\"page\" title=\"Page 90\">\n<div class=\"section\">\n<div class=\"layoutArea\">\n<div class=\"column\">\n<div class=\"page\" title=\"Page 88\">\n<div class=\"section\">\n<div class=\"layoutArea\">\n<div class=\"column\">\n<div class=\"page\" title=\"Page 87\">\n<div class=\"section\">\n<div class=\"layoutArea\">\n<div class=\"column\">\n<div class=\"page\" title=\"Page 84\">\n<div class=\"section\">\n<div class=\"layoutArea\">\n<div class=\"column\">\n<div class=\"page\" title=\"Page 83\">\n<div class=\"section\">\n<div class=\"layoutArea\">\n<div class=\"column\">\n<div class=\"page\" title=\"Page 79\">\n<div class=\"section\">\n<div class=\"layoutArea\">\n<div class=\"column\">\n<div class=\"page\" title=\"Page 79\">\n<div class=\"section\">\n<div class=\"layoutArea\">\n<div class=\"column\">\n<p>Bo\u00eete en acier, cadran bleu fonc\u00e9 bross\u00e9 soleil, bracelet en acier<br \/>\nBoucle d\u00e9ployante &#8211; triple lame<br \/>\n41 mm<\/p>\n<\/div>\n<\/div>\n<\/div>\n<\/div>\n<\/div>\n<\/div>\n<\/div>\n<\/div>\n<\/div>\n<\/div>\n<\/div>\n<\/div>\n<\/div>\n<\/div>\n<\/div>\n<\/div>\n<\/div>\n<\/div>\n<\/div>\n<\/div>\n<\/div>\n<\/div>\n<\/div>\n<\/div>\n<\/div>\n<\/div>\n<\/div>\n<\/div>\n","protected":false},"excerpt":{"rendered":"<div class=\"page\" title=\"Page 85\">\n<div class=\"section\">\n<div class=\"layoutArea\">\n<div class=\"column\">\n<div class=\"page\" title=\"Page 77\">\n<div class=\"section\">\n<div class=\"layoutArea\">\n<div class=\"column\">\n<p>Bo\u00eete en acier, cadran miroir argent\u00e9, bracelet en acier style gourmette<br \/>\nBoucle d\u00e9ployante &#8211; triple lame<br \/>\n14 x 25 mm<\/p>\n<\/div>\n<\/div>\n<\/div>\n<\/div>\n<\/div>\n<\/div>\n<\/div>\n<\/div>\n","protected":false},"featured_media":34746,"template":"","meta":{"_mi_skip_tracking":false,"spay_email":""},"product_cat":[101,111],"product_tag":[],"_links":{"self":[{"href":"https:\/\/citedoree.com\/fr\/wp-json\/wp\/v2\/product\/35031"}],"collection":[{"href":"https:\/\/citedoree.com\/fr\/wp-json\/wp\/v2\/product"}],"about":[{"href":"https:\/\/citedoree.com\/fr\/wp-json\/wp\/v2\/types\/product"}],"wp:featuredmedia":[{"embeddable":true,"href":"https:\/\/citedoree.com\/fr\/wp-json\/wp\/v2\/media\/34746"}],"wp:attachment":[{"href":"https:\/\/citedoree.com\/fr\/wp-json\/wp\/v2\/media?parent=35031"}],"wp:term":[{"taxonomy":"product_cat","embeddable":true,"href":"https:\/\/citedoree.com\/fr\/wp-json\/wp\/v2\/product_cat?post=35031"},{"taxonomy":"product_tag","embeddable":true,"href":"https:\/\/citedoree.com\/fr\/wp-json\/wp\/v2\/product_tag?post=35031"}],"curies":[{"name":"wp","href":"https:\/\/api.w.org\/{rel}","templated":true}]}}