{"id":35045,"date":"2023-02-05T16:50:56","date_gmt":"2023-02-05T16:50:56","guid":{"rendered":"https:\/\/citedoree.com\/product\/montre-gucci-vintage-web\/"},"modified":"2023-02-19T18:47:33","modified_gmt":"2023-02-19T18:47:33","slug":"montre-gucci-vintage-web","status":"publish","type":"product","link":"https:\/\/citedoree.com\/fr\/product\/montre-gucci-vintage-web\/","title":{"rendered":"Montre Gucci &#8211; Web vintage"},"content":{"rendered":"<div class=\"page\" title=\"Page 90\">\n<div class=\"section\">\n<div class=\"layoutArea\">\n<div class=\"column\">\n<p>Bo\u00eete en r\u00e9sine transparente avec bande web vert-rouge-vert, cadran squelette couleur or, bracelet rigide en r\u00e9sine transparente avec bande web vert-rouge-vert Fermeture du bracelet par barrette \u00e0 ressort<br \/>\n24 x 40 mm<\/p>\n<\/div>\n<\/div>\n<\/div>\n<\/div>\n","protected":false},"excerpt":{"rendered":"<p>Bo\u00eete en r\u00e9sine transparente avec bande web vert-rouge-vert, cadran squelette couleur or, bracelet rigide en r\u00e9sine transparente avec bande web<\/p>\n","protected":false},"featured_media":34738,"template":"","meta":{"_mi_skip_tracking":false,"spay_email":""},"product_cat":[90,17],"product_tag":[],"_links":{"self":[{"href":"https:\/\/citedoree.com\/fr\/wp-json\/wp\/v2\/product\/35045"}],"collection":[{"href":"https:\/\/citedoree.com\/fr\/wp-json\/wp\/v2\/product"}],"about":[{"href":"https:\/\/citedoree.com\/fr\/wp-json\/wp\/v2\/types\/product"}],"wp:featuredmedia":[{"embeddable":true,"href":"https:\/\/citedoree.com\/fr\/wp-json\/wp\/v2\/media\/34738"}],"wp:attachment":[{"href":"https:\/\/citedoree.com\/fr\/wp-json\/wp\/v2\/media?parent=35045"}],"wp:term":[{"taxonomy":"product_cat","embeddable":true,"href":"https:\/\/citedoree.com\/fr\/wp-json\/wp\/v2\/product_cat?post=35045"},{"taxonomy":"product_tag","embeddable":true,"href":"https:\/\/citedoree.com\/fr\/wp-json\/wp\/v2\/product_tag?post=35045"}],"curies":[{"name":"wp","href":"https:\/\/api.w.org\/{rel}","templated":true}]}}