{"id":35059,"date":"2023-02-05T16:51:03","date_gmt":"2023-02-05T16:51:03","guid":{"rendered":"https:\/\/citedoree.com\/product\/bague-trefle-a-4-feuilles-noir-or-jaune\/"},"modified":"2023-02-05T16:51:03","modified_gmt":"2023-02-05T16:51:03","slug":"bague-trefle-a-4-feuilles-noir-or-jaune","status":"publish","type":"product","link":"https:\/\/citedoree.com\/fr\/product\/bague-trefle-a-4-feuilles-noir-or-jaune\/","title":{"rendered":"Bague Tr\u00e8fle \u00e0 4 feuilles &#8211; Noir \/ Or jaune"},"content":{"rendered":"<p>Bague taille 7 &#8211; cette bague peut \u00eatre dimensionn\u00e9e, une fois achet\u00e9e, veuillez indiquer la taille souhait\u00e9e.<\/p>\n","protected":false},"excerpt":{"rendered":"<p>Bague taille 7 &#8211; cette bague peut \u00eatre dimensionn\u00e9e, une fois achet\u00e9e, veuillez indiquer la taille souhait\u00e9e.<\/p>\n","protected":false},"featured_media":34775,"template":"","meta":{"_mi_skip_tracking":false,"spay_email":""},"product_cat":[123,124],"product_tag":[],"_links":{"self":[{"href":"https:\/\/citedoree.com\/fr\/wp-json\/wp\/v2\/product\/35059"}],"collection":[{"href":"https:\/\/citedoree.com\/fr\/wp-json\/wp\/v2\/product"}],"about":[{"href":"https:\/\/citedoree.com\/fr\/wp-json\/wp\/v2\/types\/product"}],"wp:featuredmedia":[{"embeddable":true,"href":"https:\/\/citedoree.com\/fr\/wp-json\/wp\/v2\/media\/34775"}],"wp:attachment":[{"href":"https:\/\/citedoree.com\/fr\/wp-json\/wp\/v2\/media?parent=35059"}],"wp:term":[{"taxonomy":"product_cat","embeddable":true,"href":"https:\/\/citedoree.com\/fr\/wp-json\/wp\/v2\/product_cat?post=35059"},{"taxonomy":"product_tag","embeddable":true,"href":"https:\/\/citedoree.com\/fr\/wp-json\/wp\/v2\/product_tag?post=35059"}],"curies":[{"name":"wp","href":"https:\/\/api.w.org\/{rel}","templated":true}]}}