{"id":35164,"date":"2023-02-05T16:51:55","date_gmt":"2023-02-05T16:51:55","guid":{"rendered":"https:\/\/citedoree.com\/product\/or-jaune-10k-petite-chaine-a-bord-biseaute-4mm\/"},"modified":"2023-02-05T17:06:32","modified_gmt":"2023-02-05T17:06:32","slug":"or-jaune-10k-petite-chaine-a-bord-biseaute-4mm","status":"publish","type":"product","link":"https:\/\/citedoree.com\/fr\/product\/or-jaune-10k-petite-chaine-a-bord-biseaute-4mm\/","title":{"rendered":"Or jaune 10k-Petite cha\u00eene \u00e0 bord biseaut\u00e9 (4mm)"},"content":{"rendered":"","protected":false},"excerpt":{"rendered":"","protected":false},"featured_media":33663,"template":"","meta":{"_mi_skip_tracking":false,"spay_email":""},"product_cat":[114],"product_tag":[],"_links":{"self":[{"href":"https:\/\/citedoree.com\/fr\/wp-json\/wp\/v2\/product\/35164"}],"collection":[{"href":"https:\/\/citedoree.com\/fr\/wp-json\/wp\/v2\/product"}],"about":[{"href":"https:\/\/citedoree.com\/fr\/wp-json\/wp\/v2\/types\/product"}],"wp:featuredmedia":[{"embeddable":true,"href":"https:\/\/citedoree.com\/fr\/wp-json\/wp\/v2\/media\/33663"}],"wp:attachment":[{"href":"https:\/\/citedoree.com\/fr\/wp-json\/wp\/v2\/media?parent=35164"}],"wp:term":[{"taxonomy":"product_cat","embeddable":true,"href":"https:\/\/citedoree.com\/fr\/wp-json\/wp\/v2\/product_cat?post=35164"},{"taxonomy":"product_tag","embeddable":true,"href":"https:\/\/citedoree.com\/fr\/wp-json\/wp\/v2\/product_tag?post=35164"}],"curies":[{"name":"wp","href":"https:\/\/api.w.org\/{rel}","templated":true}]}}